{"id":4503,"date":"2024-09-25T16:37:19","date_gmt":"2024-09-25T16:37:19","guid":{"rendered":"https:\/\/bazeni-hiper.hr\/novosti\/"},"modified":"2026-02-18T20:37:00","modified_gmt":"2026-02-18T20:37:00","slug":"novosti","status":"publish","type":"page","link":"https:\/\/bazeni-hiper.hr\/en\/novosti\/","title":{"rendered":"News"},"content":{"rendered":"\t\t<div data-elementor-type=\"wp-page\" data-elementor-id=\"4503\" class=\"elementor elementor-4503 elementor-303\">\n\t\t\t\t<div class=\"elementor-element elementor-element-3fdf100 e-flex e-con-boxed e-con e-parent\" data-id=\"3fdf100\" data-element_type=\"container\" data-e-type=\"container\">\n\t\t\t\t\t<div class=\"e-con-inner\">\n\t\t\t\t<div class=\"elementor-element elementor-element-36eb25d elementor-widget elementor-widget-heading\" data-id=\"36eb25d\" data-element_type=\"widget\" data-e-type=\"widget\" data-widget_type=\"heading.default\">\n\t\t\t\t\t<h2 class=\"elementor-heading-title elementor-size-default\">News \u00b7 Inspiration \u00b7 Technical Solutions<\/h2>\t\t\t\t<\/div>\n\t\t\t\t<div class=\"elementor-element elementor-element-845b38c elementor-widget elementor-widget-text-editor\" data-id=\"845b38c\" data-element_type=\"widget\" data-e-type=\"widget\" data-widget_type=\"text-editor.default\">\n\t\t\t\t\t\t\t\t\t<div class=\"elementor-element elementor-element-e8d6e28 elementor-widget elementor-widget-text-editor\" data-id=\"e8d6e28\" data-element_type=\"widget\" data-e-type=\"widget\" data-widget_type=\"text-editor.default\"><p>A pool is not just a shape, an aesthetic element of the space, but a complex system that requires thoughtful planning and technically feasible execution. This page presents an overview of ideas, solutions and technical details that can serve as inspiration and help when making decisions \u2014 from concept to long-term use. We do not offer ready-made answers here, but guidelines that help understand what makes a high-quality and functional pool solution.<\/p><p>When planning a pool, it is important to consider the broader context of the site \u2014 terrain configuration, relation to the house, orientation to the sun, and intended use. The pool&#8217;s shape and dimensions should be the result of function and the possibilities of the space. A pool used occasionally requires a different approach than one in daily use. Proper sizing of equipment and selection of systems should match the actual habits of the users.<\/p><p>On pool-equipment manufacturers&#8217; websites, you can find numerous examples of different pool designs and technical solutions.<\/p><\/div>\t\t\t\t\t\t\t\t<\/div>\n\t\t\t\t\t<\/div>\n\t\t\t\t<\/div>\n\t\t\t\t<section class=\"elementor-section elementor-inner-section elementor-element elementor-element-4b21722f elementor-section-boxed elementor-section-height-default elementor-section-height-default\" data-id=\"4b21722f\" data-element_type=\"section\" data-e-type=\"section\">\n\t\t\t\t\t\t<div class=\"elementor-container elementor-column-gap-default\">\n\t\t\t\t\t<div class=\"elementor-column elementor-col-100 elementor-inner-column elementor-element elementor-element-33303384\" data-id=\"33303384\" data-element_type=\"column\" data-e-type=\"column\">\n\t\t\t<div class=\"elementor-widget-wrap elementor-element-populated\">\n\t\t\t\t\t\t<div class=\"elementor-element elementor-element-680038f6 elementor-widget elementor-widget-flexitype-blog\" data-id=\"680038f6\" data-element_type=\"widget\" data-e-type=\"widget\" data-widget_type=\"flexitype-blog.default\">\n\t\t\t\t<div class=\"elementor-widget-container\">\n\t\t\t\t\t                <div class=\"blog_one\">\r\n            <div class=\"blog_one-area show_three md_show_two sm_show_one\">\r\n                            \r\n                <div class=\"blog_one-item\">\r\n                                    <div class=\"blog_one-item-img\">\r\n                        <div class=\"blog_one-item-image\">\r\n                            <a href=\"https:\/\/bazeni-hiper.hr\/en\/inspiracija\/\">\r\n                                <img decoding=\"async\" src=\"https:\/\/bazeni-hiper.hr\/wp-content\/uploads\/2026\/02\/blog-Inspiracija1-1024x640.jpg\" alt=\"izgradnja bazena Vara\u017edin\">\r\n                            <\/a>\r\n                                                            <div class=\"blog_one-item-image-date bottom left inline\">\r\n                                                                            <i class=\"far fa-calendar-alt\"><\/i>\r\n                                                                        <h6>22<\/h6>\r\n                                    <span>Feb<\/span>\r\n                                <\/div>\r\n                                                    <\/div>\r\n                    <\/div>\r\n                                    <div class=\"blog_one-item-content\">\r\n                        <div>\r\n                                                <h6><a href=\"https:\/\/bazeni-hiper.hr\/en\/inspiracija\/\">Inspiration<\/a><\/h6>\r\n                                                    <a class=\"flexitype-button right\" href=\"https:\/\/bazeni-hiper.hr\/en\/inspiracija\/\">\r\n                                Read more                                <i class=\"flaticon flaticon-right-up\"><\/i>                            <\/a>\r\n                                                <\/div>\r\n                    <\/div>\r\n                <\/div>\r\n                            \r\n                <div class=\"blog_one-item\">\r\n                                    <div class=\"blog_one-item-img\">\r\n                        <div class=\"blog_one-item-image\">\r\n                            <a href=\"https:\/\/bazeni-hiper.hr\/en\/tehnicki-detalji-na-koje-vrijedi-obratiti-paznju-prije-pocetka-gradnje-bazena\/\">\r\n                                <img decoding=\"async\" src=\"https:\/\/bazeni-hiper.hr\/wp-content\/uploads\/2026\/02\/Tehnicki-detalji-na-koje-vrijedi-obratiti-paznju-prije-pocetka-gradnje-bazena-1024x640.jpg\" alt=\"Tehni\u010dki detalji na koje vrijedi obratiti pa\u017enju prije po\u010detka gradnje bazena\">\r\n                            <\/a>\r\n                                                            <div class=\"blog_one-item-image-date bottom left inline\">\r\n                                                                            <i class=\"far fa-calendar-alt\"><\/i>\r\n                                                                        <h6>10<\/h6>\r\n                                    <span>Feb<\/span>\r\n                                <\/div>\r\n                                                    <\/div>\r\n                    <\/div>\r\n                                    <div class=\"blog_one-item-content\">\r\n                        <div>\r\n                                                <h6><a href=\"https:\/\/bazeni-hiper.hr\/en\/tehnicki-detalji-na-koje-vrijedi-obratiti-paznju-prije-pocetka-gradnje-bazena\/\">Technical details worth paying attention to before starting pool construction<\/a><\/h6>\r\n                                                    <a class=\"flexitype-button right\" href=\"https:\/\/bazeni-hiper.hr\/en\/tehnicki-detalji-na-koje-vrijedi-obratiti-paznju-prije-pocetka-gradnje-bazena\/\">\r\n                                Read more                                <i class=\"flaticon flaticon-right-up\"><\/i>                            <\/a>\r\n                                                <\/div>\r\n                    <\/div>\r\n                <\/div>\r\n                            \r\n                <div class=\"blog_one-item\">\r\n                                    <div class=\"blog_one-item-img\">\r\n                        <div class=\"blog_one-item-image\">\r\n                            <a href=\"https:\/\/bazeni-hiper.hr\/en\/nekoliko-pitanja-koja-biste-trebali-postaviti-prije-pocetka-radova\/\">\r\n                                <img decoding=\"async\" src=\"https:\/\/bazeni-hiper.hr\/wp-content\/uploads\/2026\/02\/blog-nekoliko-pitanja-koja-biste-1024x640.jpg\" alt=\"izgradnja bazena Vara\u017edin\">\r\n                            <\/a>\r\n                                                            <div class=\"blog_one-item-image-date bottom left inline\">\r\n                                                                            <i class=\"far fa-calendar-alt\"><\/i>\r\n                                                                        <h6>01<\/h6>\r\n                                    <span>Feb<\/span>\r\n                                <\/div>\r\n                                                    <\/div>\r\n                    <\/div>\r\n                                    <div class=\"blog_one-item-content\">\r\n                        <div>\r\n                                                <h6><a href=\"https:\/\/bazeni-hiper.hr\/en\/nekoliko-pitanja-koja-biste-trebali-postaviti-prije-pocetka-radova\/\">A few questions you should ask before the work begins!<\/a><\/h6>\r\n                                                    <a class=\"flexitype-button right\" href=\"https:\/\/bazeni-hiper.hr\/en\/nekoliko-pitanja-koja-biste-trebali-postaviti-prije-pocetka-radova\/\">\r\n                                Read more                                <i class=\"flaticon flaticon-right-up\"><\/i>                            <\/a>\r\n                                                <\/div>\r\n                    <\/div>\r\n                <\/div>\r\n                        <\/div>\r\n        <\/div>\r\n                        <script>\r\n            (function ($) {\r\n                \"use strict\";\r\n                $(document).ready(function () {\r\n                    var autoplayOption = \"yes\";\r\n                    var enableAutoplay = (autoplayOption === 'yes');\r\n                    var swiper = new Swiper(\".flexitype_slide746\", {\r\n                        loop: true,\r\n                        spaceBetween: null,\r\n                        speed: null,\r\n                        autoplay: enableAutoplay ? {\r\n                            delay: null,\r\n                            reverseDirection: false,\r\n                            disableOnInteraction: false,\r\n                        } : false,\r\n                        navigation: {\r\n                            prevEl: '.swiper-button-prev-',\r\n                            nextEl: '.swiper-button-next-',\r\n                        },\r\n                        pagination: {\r\n                            el: \".flexitype_slide_dots-\",\r\n                            clickable: true,\r\n                        },\r\n                        breakpoints: {\r\n                            0: {\r\n                                slidesPerView: null,\r\n                            },\r\n                            768: {\r\n                                slidesPerView: null,\r\n                            },\r\n                            1025: {\r\n                                slidesPerView: null,\r\n                            },\r\n                            1600: {\r\n                                slidesPerView: null,\r\n                            },\r\n                        },\r\n                    });\r\n\r\n                });\r\n            })(jQuery);\r\n        <\/script>\r\n        \t\t\t\t<\/div>\n\t\t\t\t<\/div>\n\t\t\t\t\t<\/div>\n\t\t<\/div>\n\t\t\t\t\t<\/div>\n\t\t<\/section>\n\t\t\t\t<\/div>\n\t\t","protected":false},"excerpt":{"rendered":"<p>News \u00b7 Inspiration \u00b7 Technical Solutions A pool is not just a shape, an aesthetic element of the space, but a complex system that requires thoughtful planning and technically feasible execution. This page presents an overview of ideas, solutions and technical details that can serve as inspiration and help when making decisions \u2014 from concept [&hellip;]<\/p>\n","protected":false},"author":2,"featured_media":0,"parent":0,"menu_order":0,"comment_status":"closed","ping_status":"closed","template":"","meta":{"footnotes":""},"class_list":["post-4503","page","type-page","status-publish","hentry"],"_links":{"self":[{"href":"https:\/\/bazeni-hiper.hr\/en\/wp-json\/wp\/v2\/pages\/4503","targetHints":{"allow":["GET"]}}],"collection":[{"href":"https:\/\/bazeni-hiper.hr\/en\/wp-json\/wp\/v2\/pages"}],"about":[{"href":"https:\/\/bazeni-hiper.hr\/en\/wp-json\/wp\/v2\/types\/page"}],"author":[{"embeddable":true,"href":"https:\/\/bazeni-hiper.hr\/en\/wp-json\/wp\/v2\/users\/2"}],"replies":[{"embeddable":true,"href":"https:\/\/bazeni-hiper.hr\/en\/wp-json\/wp\/v2\/comments?post=4503"}],"version-history":[{"count":10,"href":"https:\/\/bazeni-hiper.hr\/en\/wp-json\/wp\/v2\/pages\/4503\/revisions"}],"predecessor-version":[{"id":4954,"href":"https:\/\/bazeni-hiper.hr\/en\/wp-json\/wp\/v2\/pages\/4503\/revisions\/4954"}],"wp:attachment":[{"href":"https:\/\/bazeni-hiper.hr\/en\/wp-json\/wp\/v2\/media?parent=4503"}],"curies":[{"name":"wp","href":"https:\/\/api.w.org\/{rel}","templated":true}]}}